{"id":13,"date":"2019-07-19T11:15:40","date_gmt":"2019-07-19T17:15:40","guid":{"rendered":"http:\/\/innsurhotel.com.mx\/?page_id=13"},"modified":"2021-12-02T22:56:52","modified_gmt":"2021-12-03T04:56:52","slug":"habitaciones","status":"publish","type":"page","link":"https:\/\/hotelinnsur.com.mx\/?page_id=13","title":{"rendered":"Habitaciones"},"content":{"rendered":"\n<div class=\"btb-rooms-page-1\">\n  <div class=\"wrap\">\n    <div class=\"div-btb-rooms-info\">\n      <!-- <h2 class=\"btb-rooms-title\">ESCOGE TU HABITACI\u00d3N IDEAL<\/h2> -->\n      <p class=\"btb-rooms-text\">El Hotel Inn Sur pone a tus \u00f3rdenes 40 habitaciones bellamente decoradas, suites con jacuzzi, televisi\u00f3n v\u00eda sat\u00e9lite, sonido digital y todos los servicios necesarios para que te sientas como en tu propia casa.  <\/p>\n    <\/div>\n  <\/div>\n<\/div>\n\n<div class=\"btb-rooms-page-2\">\n  <div class=\"wrap\">\n    <div class=\"btb-rooms-image\">\n      <img decoding=\"async\" src=\"\/wp-content\/uploads\/2019\/07\/Hotel-Inn-Sur-Junior-Suite-con-Jacuzzi-1.jpg\" alt=\"\">\n    <\/div>\n  <div class=\"btb-rooms-info\">\n    <div class=\"btb-rooms-name alignleft one-half first\">\n      <h3 class=\"btb-room-title\">JUNIOR SUITE CON JACUZZI<\/h3>\n         <\/div>\n    <div class=\"btb-rooms-buttons alignright\">\n      <a href=\"\/accommodation\/junior-suite-con-jacuzzi\/\" class=\"room-details-link\">Ver detalles <i class=\"fas fa-long-arrow-alt-right\"><\/i><\/a>\n    <!--  <a href=\"#\" class=\"room-booking-button\">Reservar<\/a> -->\n    <\/div>\n  <\/div>\n  <\/div>\n<\/div>\n\n<div class=\"btb-rooms-page-3\">\n  <div class=\"wrap\">\n    <div class=\"btb-rooms-image\">\n      <img decoding=\"async\" src=\"\/wp-content\/uploads\/2019\/07\/Hotel-Inn-Sur-Standard-King-size-9.jpg\" alt=\"\">\n    <\/div>\n  <div class=\"btb-rooms-info\">\n    <div class=\"btb-rooms-name alignleft one-half first\">\n      <h3 class=\"btb-room-title\">STANDARD KING SIZE<\/h3>\n    <\/div>\n    <div class=\"btb-rooms-buttons alignright\">\n      <a href=\"\/accommodation\/king-size\/\" class=\"room-details-link\">Ver detalles <i class=\"fas fa-long-arrow-alt-right\"><\/i><\/a>\n      <!-- <a href=\"#\" class=\"room-booking-button\">Reservar<\/a> -->\n    <\/div>\n  <\/div>\n  <\/div>\n<\/div>\n\n<div class=\"btb-rooms-page-4\">\n  <div class=\"wrap\">\n    <div class=\"btb-rooms-image\">\n      <img decoding=\"async\" src=\"\/wp-content\/uploads\/2019\/07\/Hotel-Inn-Sur-standard-doble-cama-con-king-size-e-individual-5.jpg\" alt=\"\">\n    <\/div>\n  <div class=\"btb-rooms-info\">\n    <div class=\"btb-rooms-name alignleft one-half first\">\n      <h3 class=\"btb-room-title\">KING SIZE M\u00c1S CAMA INDIVIDUAL<\/h3>\n    <\/div>\n    <div class=\"btb-rooms-buttons alignright\">\n      <a href=\"\/accommodation\/king-size-con-cama-individual-adicional\/\" class=\"room-details-link\">Ver detalles <i class=\"fas fa-long-arrow-alt-right\"><\/i><\/a>\n     <!-- <a href=\"#\" class=\"room-booking-button\">Reservar<\/a> -->\n    <\/div>\n  <\/div>\n  <\/div>\n<\/div>\n\n<div class=\"btb-rooms-page-5\">\n  <div class=\"wrap\">\n    <div class=\"btb-rooms-image\">\n      <img decoding=\"async\" src=\"\/wp-content\/uploads\/2019\/07\/Hotel-Inn-Sur-Standard-Doble-Matrimonial-4.jpg\" alt=\"\">\n    <\/div>\n  <div class=\"btb-rooms-info\">\n    <div class=\"btb-rooms-name alignleft one-half first\">\n      <h3 class=\"btb-room-title\">DOBLE MATRIMONIAL<\/h3>\n    <\/div>\n    <div class=\"btb-rooms-buttons alignright\">\n      <a href=\"\/accommodation\/habitacion-doble-matrimonial\/\" class=\"room-details-link\">Ver detalles <i class=\"fas fa-long-arrow-alt-right\"><\/i><\/a>\n    <!--  <a href=\"#\" class=\"room-booking-button\">Reservar<\/a> -->\n    <\/div>\n  <\/div>\n  <\/div>\n<\/div>\n\n\n\n\n\n<!-- <div class=\"btb-rooms-page-6\">\n  <div class=\"wrap\">\n    <div class=\"btb-rooms-image\">\n      <img decoding=\"async\" src=\"\/wp-content\/uploads\/2019\/07\/Hotel-Inn-Sur-Villa-Standard-4.jpg\" alt=\"\">\n    <\/div>\n  <div class=\"btb-rooms-info\">\n    <div class=\"btb-rooms-name alignleft one-half first\">\n      <h3 class=\"btb-room-title\">VILLA STANDARD<\/h3>\n    <\/div>\n    <div class=\"btb-rooms-buttons alignright\">\n      <a href=\"#\" class=\"room-details-link\">Ver detalles <i class=\"fas fa-long-arrow-alt-right\"><\/i><\/a>\n      <a href=\"#\" class=\"room-booking-button\">Reservar<\/a>\n    <\/div>\n  <\/div>\n  <\/div>\n<\/div>\n\n<div class=\"btb-rooms-page-7\">\n  <div class=\"wrap\">\n    <div class=\"btb-rooms-image\">\n      <img decoding=\"async\" src=\"\/wp-content\/uploads\/2019\/07\/Hotel-Inn-Sur-Villa-Jacuzi-2.jpg\" alt=\"\">\n    <\/div>\n  <div class=\"btb-rooms-info\">\n    <div class=\"btb-rooms-name alignleft one-half first\">\n      <h3 class=\"btb-room-title\">VILLA CON JACUZZI<\/h3>\n    <\/div>\n    <div class=\"btb-rooms-buttons alignright\">\n      <a href=\"#\" class=\"room-details-link\">Ver detalles <i class=\"fas fa-long-arrow-alt-right\"><\/i><\/a>\n      <a href=\"#\" class=\"room-booking-button\">Reservar<\/a>\n    <\/div>\n  <\/div>\n  <\/div>\n<\/div>\n\n<div class=\"btb-rooms-page-8\">\n  <div class=\"wrap\">\n    <div class=\"btb-rooms-image\">\n      <img decoding=\"async\" src=\"\/wp-content\/uploads\/2019\/07\/Hotel-Inn-Sur-Villa-Master-4.jpg\" alt=\"\">\n    <\/div>\n  <div class=\"btb-rooms-info\">\n    <div class=\"btb-rooms-name alignleft one-half first\">\n      <h3 class=\"btb-room-title\">VILLA MASTER<\/h3>\n    <\/div>\n    <div class=\"btb-rooms-buttons alignright\">\n      <a href=\"#\" class=\"room-details-link\">Ver detalles <i class=\"fas fa-long-arrow-alt-right\"><\/i><\/a>\n      <a href=\"#\" class=\"room-booking-button\">Reservar<\/a>\n    <\/div>\n  <\/div>\n  <\/div>\n<\/div>\n\n<div class=\"btb-rooms-page-9\">\n  <div class=\"wrap\">\n    <div class=\"btb-rooms-image\">\n      <img decoding=\"async\" src=\"\/wp-content\/uploads\/2019\/07\/Hotel-Inn-Sur-Villa-Master-Jacuzzi-3.jpg\" alt=\"\">\n    <\/div>\n  <div class=\"btb-rooms-info\">\n    <div class=\"btb-rooms-name alignleft one-half first\">\n      <h3 class=\"btb-room-title\">VILLA MASTER CON JACUZZI<\/h3>\n    <\/div>\n    <div class=\"btb-rooms-buttons alignright\">\n      <a href=\"#\" class=\"room-details-link\">Ver detalles <i class=\"fas fa-long-arrow-alt-right\"><\/i><\/a>\n      <a href=\"#\" class=\"room-booking-button\">Reservar<\/a>\n    <\/div>\n  <\/div>\n  <\/div>\n<\/div>\n\n<div class=\"btb-rooms-page-10\">\n  <div class=\"wrap\">\n    <div class=\"btb-rooms-image\">\n      <img decoding=\"async\" src=\"\/wp-content\/uploads\/2019\/07\/Hotel-Inn-Sur-Villa-Alberca-1.jpg\" alt=\"\">\n    <\/div>\n  <div class=\"btb-rooms-info\">\n    <div class=\"btb-rooms-name alignleft one-half first\">\n      <h3 class=\"btb-room-title\">VILLA ALBERCA<\/h3>\n    <\/div>\n    <div class=\"btb-rooms-buttons alignright\">\n      <a href=\"#\" class=\"room-details-link\">Ver detalles <i class=\"fas fa-long-arrow-alt-right\"><\/i><\/a>\n      <a href=\"#\" class=\"room-booking-button\">Reservar<\/a>\n    <\/div>\n  <\/div>\n  <\/div>\n<\/div>\n\n<div class=\"btb-rooms-page-11\">\n  <div class=\"wrap\">\n    <div class=\"btb-room-details-div\">\n      <div class=\"btb-room-details one-half first\">\n        <div class=\"btb-room-details-inner\">\n            <h2 class=\"btb-title-long\">Detalles que conquistan <\/h2>\n                     <p class=\"btb-room-details-text\">Todas nuestras habitaciones cuentan con m\u00faltiples amenidades que har\u00e1n tu estancia m\u00e1s placentera, por ejemplo: <\/p>\n                     <ul>\n                       <li> <img decoding=\"async\" src=\"\/wp-content\/uploads\/2019\/07\/Hotel-Inn-Sur-Line-Bullet.png\" alt=\"\">Pantalla plana con cable<\/li>\n                       <li> <img decoding=\"async\" src=\"\/wp-content\/uploads\/2019\/07\/Hotel-Inn-Sur-Line-Bullet.png\" alt=\"\">Secador de pelo<\/li>\n                       <li> <img decoding=\"async\" src=\"\/wp-content\/uploads\/2019\/07\/Hotel-Inn-Sur-Line-Bullet.png\" alt=\"\">Internet de alta velocidad<\/li>\n                       <li> <img decoding=\"async\" src=\"\/wp-content\/uploads\/2019\/07\/Hotel-Inn-Sur-Line-Bullet.png\" alt=\"\">Servicio despertador<\/li>\n                       <li> <img decoding=\"async\" src=\"\/wp-content\/uploads\/2019\/07\/Hotel-Inn-Sur-Line-Bullet.png\" alt=\"\">Escritorio<\/li>\n                     <\/ul>\n        <\/div>\n      <\/div>\n      <div class=\"btb-room-details one-half\">\n            <img decoding=\"async\" src=\"\/wp-content\/uploads\/2019\/07\/Hotel-Inn-Sur-Junior-Suite-con-Jacuzzi-7.jpg\" alt=\"\">\n      <\/div>\n    <\/div>\n  <\/div>\n<\/div> -->\n","protected":false},"excerpt":{"rendered":"<p>El Hotel Inn Sur pone a tus \u00f3rdenes 40 habitaciones bellamente decoradas, suites con jacuzzi, televisi\u00f3n v\u00eda sat\u00e9lite, sonido digital y todos los servicios necesarios para que te sientas como en tu propia casa. JUNIOR SUITE CON JACUZZI Ver detalles STANDARD KING SIZE Ver detalles KING SIZE M\u00c1S CAMA INDIVIDUAL Ver detalles DOBLE MATRIMONIAL Ver [&hellip;]<\/p>\n","protected":false},"author":3,"featured_media":0,"parent":0,"menu_order":0,"comment_status":"closed","ping_status":"closed","template":"","meta":{"_genesis_hide_title":false,"_genesis_hide_breadcrumbs":false,"_genesis_hide_singular_image":false,"_genesis_hide_footer_widgets":false,"_genesis_custom_body_class":"","_genesis_custom_post_class":"","_genesis_layout":"","footnotes":""},"class_list":{"0":"post-13","1":"page","2":"type-page","3":"status-publish","5":"entry"},"_links":{"self":[{"href":"https:\/\/hotelinnsur.com.mx\/index.php?rest_route=\/wp\/v2\/pages\/13","targetHints":{"allow":["GET"]}}],"collection":[{"href":"https:\/\/hotelinnsur.com.mx\/index.php?rest_route=\/wp\/v2\/pages"}],"about":[{"href":"https:\/\/hotelinnsur.com.mx\/index.php?rest_route=\/wp\/v2\/types\/page"}],"author":[{"embeddable":true,"href":"https:\/\/hotelinnsur.com.mx\/index.php?rest_route=\/wp\/v2\/users\/3"}],"replies":[{"embeddable":true,"href":"https:\/\/hotelinnsur.com.mx\/index.php?rest_route=%2Fwp%2Fv2%2Fcomments&post=13"}],"version-history":[{"count":16,"href":"https:\/\/hotelinnsur.com.mx\/index.php?rest_route=\/wp\/v2\/pages\/13\/revisions"}],"predecessor-version":[{"id":911,"href":"https:\/\/hotelinnsur.com.mx\/index.php?rest_route=\/wp\/v2\/pages\/13\/revisions\/911"}],"wp:attachment":[{"href":"https:\/\/hotelinnsur.com.mx\/index.php?rest_route=%2Fwp%2Fv2%2Fmedia&parent=13"}],"curies":[{"name":"wp","href":"https:\/\/api.w.org\/{rel}","templated":true}]}}